{"id":111,"date":"2024-04-04T14:38:18","date_gmt":"2024-04-04T14:38:18","guid":{"rendered":"https:\/\/papelarias2000.pt\/?page_id=111"},"modified":"2024-04-04T15:59:49","modified_gmt":"2024-04-04T15:59:49","slug":"hestia-front","status":"publish","type":"page","link":"https:\/\/papelarias2000.pt\/","title":{"rendered":"Sobre N\u00f3s"},"content":{"rendered":"<div class=\"wp-block-image\">\n<figure class=\"alignright size-full is-resized\"><img loading=\"lazy\" decoding=\"async\" width=\"1024\" height=\"1024\" src=\"https:\/\/papelarias2000.pt\/wp-content\/uploads\/2024\/04\/corredores-1.jpg\" alt=\"\" class=\"wp-image-145\" style=\"width:346px;height:auto\" srcset=\"https:\/\/papelarias2000.pt\/wp-content\/uploads\/2024\/04\/corredores-1.jpg 1024w, https:\/\/papelarias2000.pt\/wp-content\/uploads\/2024\/04\/corredores-1-300x300.jpg 300w, https:\/\/papelarias2000.pt\/wp-content\/uploads\/2024\/04\/corredores-1-150x150.jpg 150w, https:\/\/papelarias2000.pt\/wp-content\/uploads\/2024\/04\/corredores-1-768x768.jpg 768w\" sizes=\"auto, (max-width: 1024px) 100vw, 1024px\" \/><\/figure><\/div>\n\n\n<div class=\"wp-block-group\"><div class=\"wp-block-group__inner-container is-layout-constrained wp-block-group-is-layout-constrained\">\n<p class=\"has-large-font-size\"><strong>Sobre n\u00f3s<\/strong><\/p>\n\n\n\n<p class=\"has-text-align-left\">A\u00a0<strong>Papelarias 2000\u00a0<\/strong>foi fundada no ano 2000, em Sintra, com o objetivo de comercializar e distribuir artigos de papelaria e escrit\u00f3rio.<\/p>\n\n\n\n<p class=\"has-text-align-left\">A empresa comercializa um vasto conjunto de marcas conceituadas como refer\u00eancia no \u00e2mbito da papelaria.<\/p>\n\n\n\n<p class=\"has-text-align-left\">Desde o in\u00edcio da sua atividade que a estrat\u00e9gia empresarial da Papelarias 2000 se fundamenta numa estrutura de meios orientada para a permanente melhoria do servi\u00e7o ao cliente. Uma vis\u00e3o estrat\u00e9gica correta, o recurso a meios humanos qualificados e a busca permanente da m\u00e1xima qualidade de produto e dos servi\u00e7os associados s\u00e3o, de facto, os principais vetores do sucesso da Papelarias 2000.<\/p>\n\n\n<div class=\"wp-block-image\">\n<figure class=\"alignleft size-full is-resized\"><img loading=\"lazy\" decoding=\"async\" width=\"1024\" height=\"1024\" src=\"https:\/\/papelarias2000.pt\/wp-content\/uploads\/2024\/04\/origami2.jpg\" alt=\"\" class=\"wp-image-149\" style=\"width:368px;height:auto\" srcset=\"https:\/\/papelarias2000.pt\/wp-content\/uploads\/2024\/04\/origami2.jpg 1024w, https:\/\/papelarias2000.pt\/wp-content\/uploads\/2024\/04\/origami2-300x300.jpg 300w, https:\/\/papelarias2000.pt\/wp-content\/uploads\/2024\/04\/origami2-150x150.jpg 150w, https:\/\/papelarias2000.pt\/wp-content\/uploads\/2024\/04\/origami2-768x768.jpg 768w\" sizes=\"auto, (max-width: 1024px) 100vw, 1024px\" \/><\/figure><\/div>\n\n\n<p class=\"has-text-align-left\">Com a experi\u00eancia adquirida ao longo dos anos, a Papelarias 2000 acumulou vasta experi\u00eancia essencial para a sua atividade, contribuindo para isto a inova\u00e7\u00e3o, desde sempre, um valor central de uma organiza\u00e7\u00e3o que elegeu como miss\u00e3o principal atingir a excel\u00eancia na valoriza\u00e7\u00e3o das marcas representadas.<\/p>\n\n\n\n<p class=\"has-text-align-left\">A Papelarias 2000 prima pelo progresso e pela mudan\u00e7a, em conson\u00e2ncia com as novas necessidades dos<\/p>\n\n\n\n<p class=\"has-text-align-left\">consumidores e mercados, oferecendo novos produtos, novas oportunidades, logo novas escolhas, acompanhando assim as tend\u00eancias do mercado.<\/p>\n<\/div><\/div>\n","protected":false},"excerpt":{"rendered":"<p>Sobre n\u00f3s A\u00a0Papelarias 2000\u00a0foi fundada no ano 2000, em Sintra, com o objetivo de comercializar e distribuir artigos de papelaria e escrit\u00f3rio. A empresa comercializa um vasto conjunto de marcas conceituadas como refer\u00eancia no \u00e2mbito da papelaria. Desde o in\u00edcio da sua atividade que a estrat\u00e9gia empresarial da Papelarias 2000 [&hellip;]<\/p>\n","protected":false},"author":1,"featured_media":123,"parent":0,"menu_order":0,"comment_status":"closed","ping_status":"closed","template":"","meta":{"footnotes":""},"class_list":["post-111","page","type-page","status-publish","has-post-thumbnail","hentry"],"_links":{"self":[{"href":"https:\/\/papelarias2000.pt\/index.php?rest_route=\/wp\/v2\/pages\/111","targetHints":{"allow":["GET"]}}],"collection":[{"href":"https:\/\/papelarias2000.pt\/index.php?rest_route=\/wp\/v2\/pages"}],"about":[{"href":"https:\/\/papelarias2000.pt\/index.php?rest_route=\/wp\/v2\/types\/page"}],"author":[{"embeddable":true,"href":"https:\/\/papelarias2000.pt\/index.php?rest_route=\/wp\/v2\/users\/1"}],"replies":[{"embeddable":true,"href":"https:\/\/papelarias2000.pt\/index.php?rest_route=%2Fwp%2Fv2%2Fcomments&post=111"}],"version-history":[{"count":6,"href":"https:\/\/papelarias2000.pt\/index.php?rest_route=\/wp\/v2\/pages\/111\/revisions"}],"predecessor-version":[{"id":152,"href":"https:\/\/papelarias2000.pt\/index.php?rest_route=\/wp\/v2\/pages\/111\/revisions\/152"}],"wp:featuredmedia":[{"embeddable":true,"href":"https:\/\/papelarias2000.pt\/index.php?rest_route=\/wp\/v2\/media\/123"}],"wp:attachment":[{"href":"https:\/\/papelarias2000.pt\/index.php?rest_route=%2Fwp%2Fv2%2Fmedia&parent=111"}],"curies":[{"name":"wp","href":"https:\/\/api.w.org\/{rel}","templated":true}]}}