{"id":48,"date":"2024-03-21T16:09:59","date_gmt":"2024-03-21T16:09:59","guid":{"rendered":"http:\/\/papelarias2000.local\/?page_id=48"},"modified":"2024-04-05T15:38:19","modified_gmt":"2024-04-05T15:38:19","slug":"contact","status":"publish","type":"page","link":"https:\/\/papelarias2000.pt\/?page_id=48","title":{"rendered":"Contactos | Local"},"content":{"rendered":"\n<div class=\"wp-block-columns alignfull is-layout-flex wp-container-core-columns-is-layout-1 wp-block-columns-is-layout-flex\">\n<div class=\"wp-block-column has-background-color-color has-text-color has-link-color wp-elements-2b8d7abdb57d76a8b826f6790e56114c is-layout-flow wp-block-column-is-layout-flow\">\n\n\n<figure class=\"wp-block-gallery aligncenter has-nested-images columns-default is-cropped wp-block-gallery-1 is-layout-flex wp-block-gallery-is-layout-flex\">\n<figure class=\"wp-block-image size-full is-style-rounded\"><img loading=\"lazy\" decoding=\"async\" width=\"1165\" height=\"643\" src=\"https:\/\/papelarias2000.pt\/wp-content\/uploads\/2024\/04\/Local.jpg\" alt=\"\" class=\"wp-image-76\" srcset=\"https:\/\/papelarias2000.pt\/wp-content\/uploads\/2024\/04\/Local.jpg 1165w, https:\/\/papelarias2000.pt\/wp-content\/uploads\/2024\/04\/Local-300x166.jpg 300w, https:\/\/papelarias2000.pt\/wp-content\/uploads\/2024\/04\/Local-1024x565.jpg 1024w, https:\/\/papelarias2000.pt\/wp-content\/uploads\/2024\/04\/Local-768x424.jpg 768w\" sizes=\"auto, (max-width: 1165px) 100vw, 1165px\" \/><\/figure>\n<\/figure>\n\n\n\n<p><\/p>\n<\/div>\n<\/div>\n\n\n\n<div class=\"wp-block-columns container is-layout-flex wp-container-core-columns-is-layout-3 wp-block-columns-is-layout-flex\">\n<div class=\"wp-block-column is-vertically-aligned-center is-layout-flow wp-block-column-is-layout-flow\">\n<h2 class=\"wp-block-heading hestia-title\">Envie email<\/h2>\n\n\n\n<div style=\"height:40px\" aria-hidden=\"true\" class=\"wp-block-spacer\"><\/div>\n\n\n\n<div class=\"contact-wrapper\">\n\t\t\t\t\t\t\t\t\t\t\t\t\t\t\t\t\t\t\t<div class=\"content\">\n\t\t\t\n\t\t\t  <form>\n\t\t\t   <div class=\"form-group\">\n\t\t\t    <input type=\"text\" id=\"fname\" name=\"firstname\" placeholder=\"Nome..\">\n\t\t\t<\/div>\n\t\t\t<div class=\"form-group\">\n\t\t\t    <input type=\"text\" id=\"lname\" name=\"lastname\" placeholder=\"\u00daltimo nome..\">\n\t\t\t<\/div>\n\t\t\t<div class=\"form-group\">\n\t\t\t    <textarea id=\"subject\" name=\"subject\" placeholder=\"Escreva aqui..\" style=\"height:200px\"><\/textarea>\n\t\t\t<\/div>\n\t\t\t    <input type=\"submit\" value=\"Submit\">\n\t\t\t\n\t\t\t  <\/form>\n\t\t\t<\/div>\n\t\t\t<\/div>\n<\/div>\n\n\n\n<div class=\"wp-block-column is-vertically-aligned-center is-layout-flow wp-block-column-is-layout-flow\">\n<div class=\"wp-block-columns is-layout-flex wp-container-core-columns-is-layout-2 wp-block-columns-is-layout-flex\">\n<div class=\"wp-block-column is-layout-flow wp-block-column-is-layout-flow\"><\/div>\n\n\n\n<div class=\"wp-block-column is-layout-flow wp-block-column-is-layout-flow\" style=\"flex-basis:50%\">\n<h4 class=\"wp-block-heading has-text-align-left hestia-title has-text-color\" style=\"color:#3c4858;font-size:18px\">Escrit\u00f3rios|Armaz\u00e9m<\/h4>\n\n\n\n<p class=\"has-text-align-left\" style=\"font-size:14px\"><strong>Urb. Industrial Alcolombal 115<\/strong><\/p>\n\n\n\n<p class=\"has-text-align-left\" style=\"font-size:14px\"><strong>Armaz\u00e9m 3<\/strong><\/p>\n\n\n\n<p class=\"has-text-align-left\" style=\"font-size:14px\"><strong>2715-905 Terrugem <\/strong><\/p>\n\n\n\n<h4 class=\"wp-block-heading has-text-align-left hestia-title has-text-color\" style=\"color:#3c4858;font-size:18px\"><img decoding=\"async\" class=\"wp-image-98\" style=\"width: 25px;\" src=\"http:\/\/papelarias2000.local\/wp-content\/themes\/hestia\/assets\/img\/contact2.png\" alt=\"\">Contactos<\/h4>\n\n\n\n<p>Telef: 219 616&nbsp;531\/2\/3<\/p>\n\n\n\n<h4 class=\"wp-block-heading has-text-align-left hestia-title has-text-color\" style=\"color:#3c4858;font-size:18px\"><img decoding=\"async\" class=\"wp-image-105\" style=\"width: 25px;\" src=\"http:\/\/papelarias2000.local\/wp-content\/themes\/hestia\/assets\/img\/contact3.png\" alt=\"\"><strong>  <\/strong><\/h4>\n\n\n\n<p class=\"has-text-align-left has-text-color\" style=\"color:#999999;font-size:18px\">email:<strong><mark style=\"background-color:rgba(0, 0, 0, 0)\" class=\"has-inline-color has-background-color-color\"> pap2000@sapo.pt<\/mark><\/strong><\/p>\n<\/div>\n\n\n\n<div class=\"wp-block-column is-layout-flow wp-block-column-is-layout-flow\"><\/div>\n<\/div>\n<\/div>\n<\/div>\n\n\n\n<p><\/p>\n","protected":false},"excerpt":{"rendered":"<p>Envie email Escrit\u00f3rios|Armaz\u00e9m Urb. Industrial Alcolombal 115 Armaz\u00e9m 3 2715-905 Terrugem Contactos Telef: 219 616&nbsp;531\/2\/3 email: pap2000@sapo.pt<\/p>\n","protected":false},"author":1,"featured_media":40,"parent":0,"menu_order":0,"comment_status":"closed","ping_status":"closed","template":"page-templates\/template-pagebuilder-full-width.php","meta":{"footnotes":""},"class_list":["post-48","page","type-page","status-publish","has-post-thumbnail","hentry"],"_links":{"self":[{"href":"https:\/\/papelarias2000.pt\/index.php?rest_route=\/wp\/v2\/pages\/48","targetHints":{"allow":["GET"]}}],"collection":[{"href":"https:\/\/papelarias2000.pt\/index.php?rest_route=\/wp\/v2\/pages"}],"about":[{"href":"https:\/\/papelarias2000.pt\/index.php?rest_route=\/wp\/v2\/types\/page"}],"author":[{"embeddable":true,"href":"https:\/\/papelarias2000.pt\/index.php?rest_route=\/wp\/v2\/users\/1"}],"replies":[{"embeddable":true,"href":"https:\/\/papelarias2000.pt\/index.php?rest_route=%2Fwp%2Fv2%2Fcomments&post=48"}],"version-history":[{"count":4,"href":"https:\/\/papelarias2000.pt\/index.php?rest_route=\/wp\/v2\/pages\/48\/revisions"}],"predecessor-version":[{"id":175,"href":"https:\/\/papelarias2000.pt\/index.php?rest_route=\/wp\/v2\/pages\/48\/revisions\/175"}],"wp:featuredmedia":[{"embeddable":true,"href":"https:\/\/papelarias2000.pt\/index.php?rest_route=\/"}],"wp:attachment":[{"href":"https:\/\/papelarias2000.pt\/index.php?rest_route=%2Fwp%2Fv2%2Fmedia&parent=48"}],"curies":[{"name":"wp","href":"https:\/\/api.w.org\/{rel}","templated":true}]}}